{"id":90260,"date":"2026-02-24T15:08:58","date_gmt":"2026-02-24T14:08:58","guid":{"rendered":"https:\/\/store.palermofc.com\/?post_type=product&#038;p=90260"},"modified":"2026-04-03T15:40:45","modified_gmt":"2026-04-03T13:40:45","slug":"cuffie-wireless","status":"publish","type":"product","link":"https:\/\/store.palermofc.com\/it\/prodotto\/cuffie-wireless\/","title":{"rendered":"Cuffie Wireless over-ear"},"content":{"rendered":"<p data-start=\"272\" data-end=\"572\">Scopri le cuffie wireless<strong data-start=\"282\" data-end=\"323\">\u00a0Palermo FC<\/strong> nere con iconico logo rosa su entrambi i lati, perfette per tifosi e amanti della musica. Queste cuffie wireless con cancellazione attiva del rumore (ANC) garantiscono un\u2019esperienza audio immersiva, ideale per viaggi, lavoro e tempo libero.<\/p>\n<p data-start=\"574\" data-end=\"859\">Dotate di driver da 40 mm e risposta in frequenza 20Hz\u201320kHz, offrono un suono potente, bassi profondi e audio cristallino. La batteria da 400 mAh assicura fino a 16 ore di riproduzione continua, mentre la ricarica completa avviene in sole 3 ore tramite cavo USB-C.<\/p>\n<p data-start=\"861\" data-end=\"1055\">Il microfono integrato consente di gestire chiamate in vivavoce con la massima praticit\u00e0. La connessione wireless fino a 10 metri garantisce libert\u00e0 di movimento e stabilit\u00e0 del segnale.<\/p>\n<p>&nbsp;<\/p>\n<p>&nbsp;<\/p>\n<p>&nbsp;<\/p>\n<p>&nbsp;<\/p>\n","protected":false},"excerpt":{"rendered":"<p>&nbsp;<\/p>\n<p>&nbsp;<\/p>\n<p>&nbsp;<\/p>\n<p>&nbsp;<\/p>\n","protected":false},"featured_media":93085,"template":"","meta":{"_acf_changed":false},"product_brand":[],"product_cat":[374,56,399],"product_tag":[],"class_list":{"0":"post-90260","1":"product","2":"type-product","3":"status-publish","4":"has-post-thumbnail","6":"product_cat-accessori-palermo","7":"product_cat-accessori","8":"product_cat-elettronica","10":"first","11":"instock","12":"taxable","13":"shipping-taxable","14":"purchasable","15":"product-type-simple","16":"add-to-wishlist-before_image"},"acf":[],"yoast_head":"<!-- This site is optimized with the Yoast SEO plugin v27.3 - https:\/\/yoast.com\/product\/yoast-seo-wordpress\/ -->\n<title>Cuffie Wireless over-ear - Store Ufficiale Palermo F.C.<\/title>\n<meta name=\"description\" content=\"Cuffie Wireless over-ear: acquista online sullo store ufficiale del Palermo. Vesti la tua passione rosanero!\" \/>\n<meta name=\"robots\" content=\"index, follow, max-snippet:-1, max-image-preview:large, max-video-preview:-1\" \/>\n<link rel=\"canonical\" href=\"https:\/\/store.palermofc.com\/it\/prodotto\/cuffie-wireless\/\" \/>\n<meta property=\"og:locale\" content=\"it_IT\" \/>\n<meta property=\"og:type\" content=\"article\" \/>\n<meta property=\"og:title\" content=\"Cuffie Wireless over-ear - Store Ufficiale Palermo F.C.\" \/>\n<meta property=\"og:description\" content=\"Cuffie Wireless over-ear: acquista online sullo store ufficiale del Palermo. Vesti la tua passione rosanero!\" \/>\n<meta property=\"og:url\" content=\"https:\/\/store.palermofc.com\/it\/prodotto\/cuffie-wireless\/\" \/>\n<meta property=\"og:site_name\" content=\"Store Ufficiale Palermo F.C.\" \/>\n<meta property=\"article:publisher\" content=\"https:\/\/www.facebook.com\/palermofficial\/\" \/>\n<meta property=\"article:modified_time\" content=\"2026-04-03T13:40:45+00:00\" \/>\n<meta property=\"og:image\" content=\"https:\/\/store.palermofc.com\/wp-content\/uploads\/2026\/02\/cuffie-bluetooth-palermo.png\" \/>\n\t<meta property=\"og:image:width\" content=\"1200\" \/>\n\t<meta property=\"og:image:height\" content=\"1200\" \/>\n\t<meta property=\"og:image:type\" content=\"image\/png\" \/>\n<meta name=\"twitter:card\" content=\"summary_large_image\" \/>\n<meta name=\"twitter:image\" content=\"https:\/\/store.palermofc.com\/wp-content\/themes\/store.palermofc.com\/assets\/img\/share\/og\/og-default.png?itok=0.0.15\" \/>\n<meta name=\"twitter:site\" content=\"@palermofficial\" \/>\n<script type=\"application\/ld+json\" class=\"yoast-schema-graph\">{\"@context\":\"https:\\\/\\\/schema.org\",\"@graph\":[{\"@type\":\"WebPage\",\"@id\":\"https:\\\/\\\/store.palermofc.com\\\/it\\\/prodotto\\\/cuffie-wireless\\\/\",\"url\":\"https:\\\/\\\/store.palermofc.com\\\/it\\\/prodotto\\\/cuffie-wireless\\\/\",\"name\":\"Cuffie Wireless over-ear - Store Ufficiale Palermo F.C.\",\"isPartOf\":{\"@id\":\"https:\\\/\\\/store.palermofc.com\\\/it\\\/#website\"},\"primaryImageOfPage\":{\"@id\":\"https:\\\/\\\/store.palermofc.com\\\/it\\\/prodotto\\\/cuffie-wireless\\\/#primaryimage\"},\"image\":{\"@id\":\"https:\\\/\\\/store.palermofc.com\\\/it\\\/prodotto\\\/cuffie-wireless\\\/#primaryimage\"},\"thumbnailUrl\":\"https:\\\/\\\/store.palermofc.com\\\/wp-content\\\/uploads\\\/2026\\\/02\\\/cuffie-bluetooth-palermo.png\",\"datePublished\":\"2026-02-24T14:08:58+00:00\",\"dateModified\":\"2026-04-03T13:40:45+00:00\",\"description\":\"Cuffie Wireless over-ear: acquista online sullo store ufficiale del Palermo. Vesti la tua passione rosanero!\",\"breadcrumb\":{\"@id\":\"https:\\\/\\\/store.palermofc.com\\\/it\\\/prodotto\\\/cuffie-wireless\\\/#breadcrumb\"},\"inLanguage\":\"it-IT\",\"potentialAction\":[{\"@type\":\"ReadAction\",\"target\":[\"https:\\\/\\\/store.palermofc.com\\\/it\\\/prodotto\\\/cuffie-wireless\\\/\"]}]},{\"@type\":\"ImageObject\",\"inLanguage\":\"it-IT\",\"@id\":\"https:\\\/\\\/store.palermofc.com\\\/it\\\/prodotto\\\/cuffie-wireless\\\/#primaryimage\",\"url\":\"https:\\\/\\\/store.palermofc.com\\\/wp-content\\\/uploads\\\/2026\\\/02\\\/cuffie-bluetooth-palermo.png\",\"contentUrl\":\"https:\\\/\\\/store.palermofc.com\\\/wp-content\\\/uploads\\\/2026\\\/02\\\/cuffie-bluetooth-palermo.png\",\"width\":1200,\"height\":1200,\"caption\":\"Cuffie Bluetooth over-ear Palermo FC con logo aquila rosa\"},{\"@type\":\"BreadcrumbList\",\"@id\":\"https:\\\/\\\/store.palermofc.com\\\/it\\\/prodotto\\\/cuffie-wireless\\\/#breadcrumb\",\"itemListElement\":[{\"@type\":\"ListItem\",\"position\":1,\"name\":\"Home\",\"item\":\"https:\\\/\\\/store.palermofc.com\\\/it\\\/\"},{\"@type\":\"ListItem\",\"position\":2,\"name\":\"Shop\",\"item\":\"https:\\\/\\\/store.palermofc.com\\\/it\\\/shop\\\/\"},{\"@type\":\"ListItem\",\"position\":3,\"name\":\"Cuffie Wireless over-ear\"}]},{\"@type\":\"WebSite\",\"@id\":\"https:\\\/\\\/store.palermofc.com\\\/it\\\/#website\",\"url\":\"https:\\\/\\\/store.palermofc.com\\\/it\\\/\",\"name\":\"Palermo Football Club\",\"description\":\"Palermo\",\"publisher\":{\"@id\":\"https:\\\/\\\/store.palermofc.com\\\/it\\\/#organization\"},\"alternateName\":\"Palermo F.C.\",\"potentialAction\":[{\"@type\":\"SearchAction\",\"target\":{\"@type\":\"EntryPoint\",\"urlTemplate\":\"https:\\\/\\\/store.palermofc.com\\\/it\\\/?s={search_term_string}\"},\"query-input\":{\"@type\":\"PropertyValueSpecification\",\"valueRequired\":true,\"valueName\":\"search_term_string\"}}],\"inLanguage\":\"it-IT\"},{\"@type\":\"Organization\",\"@id\":\"https:\\\/\\\/store.palermofc.com\\\/it\\\/#organization\",\"name\":\"Palermo Football Club\",\"alternateName\":\"Palermo F.C.\",\"url\":\"https:\\\/\\\/store.palermofc.com\\\/it\\\/\",\"logo\":{\"@type\":\"ImageObject\",\"inLanguage\":\"it-IT\",\"@id\":\"https:\\\/\\\/store.palermofc.com\\\/it\\\/#\\\/schema\\\/logo\\\/image\\\/\",\"url\":\"https:\\\/\\\/store.palermofc.com\\\/wp-content\\\/uploads\\\/2023\\\/07\\\/Palermo-official-online-store-logo.png\",\"contentUrl\":\"https:\\\/\\\/store.palermofc.com\\\/wp-content\\\/uploads\\\/2023\\\/07\\\/Palermo-official-online-store-logo.png\",\"width\":696,\"height\":696,\"caption\":\"Palermo Football Club\"},\"image\":{\"@id\":\"https:\\\/\\\/store.palermofc.com\\\/it\\\/#\\\/schema\\\/logo\\\/image\\\/\"},\"sameAs\":[\"https:\\\/\\\/www.facebook.com\\\/palermofficial\\\/\",\"https:\\\/\\\/x.com\\\/palermofficial\"]}]}<\/script>\n<!-- \/ Yoast SEO plugin. -->","yoast_head_json":{"title":"Cuffie Wireless over-ear - Store Ufficiale Palermo F.C.","description":"Cuffie Wireless over-ear: acquista online sullo store ufficiale del Palermo. Vesti la tua passione rosanero!","robots":{"index":"index","follow":"follow","max-snippet":"max-snippet:-1","max-image-preview":"max-image-preview:large","max-video-preview":"max-video-preview:-1"},"canonical":"https:\/\/store.palermofc.com\/it\/prodotto\/cuffie-wireless\/","og_locale":"it_IT","og_type":"article","og_title":"Cuffie Wireless over-ear - Store Ufficiale Palermo F.C.","og_description":"Cuffie Wireless over-ear: acquista online sullo store ufficiale del Palermo. Vesti la tua passione rosanero!","og_url":"https:\/\/store.palermofc.com\/it\/prodotto\/cuffie-wireless\/","og_site_name":"Store Ufficiale Palermo F.C.","article_publisher":"https:\/\/www.facebook.com\/palermofficial\/","article_modified_time":"2026-04-03T13:40:45+00:00","og_image":[{"width":1200,"height":1200,"url":"https:\/\/store.palermofc.com\/wp-content\/uploads\/2026\/02\/cuffie-bluetooth-palermo.png","type":"image\/png"}],"twitter_card":"summary_large_image","twitter_image":"https:\/\/store.palermofc.com\/wp-content\/themes\/store.palermofc.com\/assets\/img\/share\/og\/og-default.png?itok=0.0.15","twitter_site":"@palermofficial","schema":{"@context":"https:\/\/schema.org","@graph":[{"@type":"WebPage","@id":"https:\/\/store.palermofc.com\/it\/prodotto\/cuffie-wireless\/","url":"https:\/\/store.palermofc.com\/it\/prodotto\/cuffie-wireless\/","name":"Cuffie Wireless over-ear - Store Ufficiale Palermo F.C.","isPartOf":{"@id":"https:\/\/store.palermofc.com\/it\/#website"},"primaryImageOfPage":{"@id":"https:\/\/store.palermofc.com\/it\/prodotto\/cuffie-wireless\/#primaryimage"},"image":{"@id":"https:\/\/store.palermofc.com\/it\/prodotto\/cuffie-wireless\/#primaryimage"},"thumbnailUrl":"https:\/\/store.palermofc.com\/wp-content\/uploads\/2026\/02\/cuffie-bluetooth-palermo.png","datePublished":"2026-02-24T14:08:58+00:00","dateModified":"2026-04-03T13:40:45+00:00","description":"Cuffie Wireless over-ear: acquista online sullo store ufficiale del Palermo. Vesti la tua passione rosanero!","breadcrumb":{"@id":"https:\/\/store.palermofc.com\/it\/prodotto\/cuffie-wireless\/#breadcrumb"},"inLanguage":"it-IT","potentialAction":[{"@type":"ReadAction","target":["https:\/\/store.palermofc.com\/it\/prodotto\/cuffie-wireless\/"]}]},{"@type":"ImageObject","inLanguage":"it-IT","@id":"https:\/\/store.palermofc.com\/it\/prodotto\/cuffie-wireless\/#primaryimage","url":"https:\/\/store.palermofc.com\/wp-content\/uploads\/2026\/02\/cuffie-bluetooth-palermo.png","contentUrl":"https:\/\/store.palermofc.com\/wp-content\/uploads\/2026\/02\/cuffie-bluetooth-palermo.png","width":1200,"height":1200,"caption":"Cuffie Bluetooth over-ear Palermo FC con logo aquila rosa"},{"@type":"BreadcrumbList","@id":"https:\/\/store.palermofc.com\/it\/prodotto\/cuffie-wireless\/#breadcrumb","itemListElement":[{"@type":"ListItem","position":1,"name":"Home","item":"https:\/\/store.palermofc.com\/it\/"},{"@type":"ListItem","position":2,"name":"Shop","item":"https:\/\/store.palermofc.com\/it\/shop\/"},{"@type":"ListItem","position":3,"name":"Cuffie Wireless over-ear"}]},{"@type":"WebSite","@id":"https:\/\/store.palermofc.com\/it\/#website","url":"https:\/\/store.palermofc.com\/it\/","name":"Palermo Football Club","description":"Palermo","publisher":{"@id":"https:\/\/store.palermofc.com\/it\/#organization"},"alternateName":"Palermo F.C.","potentialAction":[{"@type":"SearchAction","target":{"@type":"EntryPoint","urlTemplate":"https:\/\/store.palermofc.com\/it\/?s={search_term_string}"},"query-input":{"@type":"PropertyValueSpecification","valueRequired":true,"valueName":"search_term_string"}}],"inLanguage":"it-IT"},{"@type":"Organization","@id":"https:\/\/store.palermofc.com\/it\/#organization","name":"Palermo Football Club","alternateName":"Palermo F.C.","url":"https:\/\/store.palermofc.com\/it\/","logo":{"@type":"ImageObject","inLanguage":"it-IT","@id":"https:\/\/store.palermofc.com\/it\/#\/schema\/logo\/image\/","url":"https:\/\/store.palermofc.com\/wp-content\/uploads\/2023\/07\/Palermo-official-online-store-logo.png","contentUrl":"https:\/\/store.palermofc.com\/wp-content\/uploads\/2023\/07\/Palermo-official-online-store-logo.png","width":696,"height":696,"caption":"Palermo Football Club"},"image":{"@id":"https:\/\/store.palermofc.com\/it\/#\/schema\/logo\/image\/"},"sameAs":["https:\/\/www.facebook.com\/palermofficial\/","https:\/\/x.com\/palermofficial"]}]}},"_links":{"self":[{"href":"https:\/\/store.palermofc.com\/it\/wp-json\/wp\/v2\/product\/90260","targetHints":{"allow":["GET"]}}],"collection":[{"href":"https:\/\/store.palermofc.com\/it\/wp-json\/wp\/v2\/product"}],"about":[{"href":"https:\/\/store.palermofc.com\/it\/wp-json\/wp\/v2\/types\/product"}],"wp:featuredmedia":[{"embeddable":true,"href":"https:\/\/store.palermofc.com\/it\/wp-json\/wp\/v2\/media\/93085"}],"wp:attachment":[{"href":"https:\/\/store.palermofc.com\/it\/wp-json\/wp\/v2\/media?parent=90260"}],"wp:term":[{"taxonomy":"product_brand","embeddable":true,"href":"https:\/\/store.palermofc.com\/it\/wp-json\/wp\/v2\/product_brand?post=90260"},{"taxonomy":"product_cat","embeddable":true,"href":"https:\/\/store.palermofc.com\/it\/wp-json\/wp\/v2\/product_cat?post=90260"},{"taxonomy":"product_tag","embeddable":true,"href":"https:\/\/store.palermofc.com\/it\/wp-json\/wp\/v2\/product_tag?post=90260"}],"curies":[{"name":"wp","href":"https:\/\/api.w.org\/{rel}","templated":true}]}}